{"id":2,"date":"2022-02-03T11:03:20","date_gmt":"2022-02-03T10:03:20","guid":{"rendered":"http:\/\/corineversini.fr\/?page_id=2"},"modified":"2022-02-03T18:53:09","modified_gmt":"2022-02-03T17:53:09","slug":"page-d-exemple","status":"publish","type":"page","link":"https:\/\/corineversini.fr\/","title":{"rendered":"Corine Versini, com\u00e9dienne Voix-Off"},"content":{"rendered":"\n<p>Ma voix vous accompagne depuis plus de 30 ans \u00e0 la radio et \u00e0 la t\u00e9l\u00e9vision&#8230;<\/p>\n\n\n\n<blockquote class=\"wp-block-quote is-layout-flow wp-block-quote-is-layout-flow\"><p>Bonjour\u00a0! Je suis Corine Versini, mon m\u00e9tier : Com\u00e9dienne Voix-Off !<\/p><\/blockquote>\n\n\n\n<p>Signature d\u2019antenne, Habillage et Publicit\u00e9, , Documentaire, Doublage\u2026 Je collabore avec de nombreux groupes m\u00e9dias, studio de production, agence de communication, et tous les acteurs de la communication audiovisuelle et publicitaire.<\/p>\n\n\n\n<blockquote class=\"wp-block-quote is-layout-flow wp-block-quote-is-layout-flow\"><p><span style=\"font-size: 1.22em; font-family: var(--secondary-font); color: var(--font-color);\">Depuis plus de 20ans, ma voix est la signature d&#8217;antenne du r\u00e9seau <\/span><a rel=\"noreferrer noopener\" style=\"font-size: 1.22em; font-family: var(--secondary-font);\" href=\"https:\/\/www.rtl2.fr\/\" target=\"_blank\">RTL2<\/a><span style=\"font-size: 1.22em; font-family: var(--secondary-font); color: var(--font-color);\">. Avec <\/span><a rel=\"noreferrer noopener\" style=\"font-size: 1.22em; font-family: var(--secondary-font);\" href=\"https:\/\/lesvoix.fr\/voix-off\/patrick-kuban\/\" target=\"_blank\">Patrick Kuban<\/a><span style=\"font-size: 1.22em; font-family: var(--secondary-font); color: var(--font-color);\">, j&#8217;enregistre les habillages et auto-promotion de la radio Pop\/Rock &#8211; la radio leader sur le format jeune adulte du Groupe M6.<\/span><\/p><\/blockquote>\n\n\n\n<p>Corine Versini est Membre de l\u2019Association Professionnelle des Artistes-Interpr\u00e8tes de la Voix Enregistr\u00e9e <a rel=\"noreferrer noopener\" href=\"https:\/\/lesvoix.fr\/voix-off\/corine-versini\/\" target=\"_blank\">Corine Versini<\/a><\/p>\n\n\n\n<p>Vous pouvez contacter Corine Versini au 06 11 45 17 27<\/p>\n","protected":false},"excerpt":{"rendered":"<p>Ma voix vous accompagne depuis plus de 30 ans \u00e0 la radio et \u00e0 la t\u00e9l\u00e9vision&#8230; Bonjour\u00a0! Je suis Corine Versini, mon m\u00e9tier : Com\u00e9dienne &hellip; <\/p>\n","protected":false},"author":1,"featured_media":0,"parent":0,"menu_order":0,"comment_status":"closed","ping_status":"open","template":"","meta":{"footnotes":""},"class_list":["post-2","page","type-page","status-publish","hentry","latest_post"],"_links":{"self":[{"href":"https:\/\/corineversini.fr\/index.php\/wp-json\/wp\/v2\/pages\/2","targetHints":{"allow":["GET"]}}],"collection":[{"href":"https:\/\/corineversini.fr\/index.php\/wp-json\/wp\/v2\/pages"}],"about":[{"href":"https:\/\/corineversini.fr\/index.php\/wp-json\/wp\/v2\/types\/page"}],"author":[{"embeddable":true,"href":"https:\/\/corineversini.fr\/index.php\/wp-json\/wp\/v2\/users\/1"}],"replies":[{"embeddable":true,"href":"https:\/\/corineversini.fr\/index.php\/wp-json\/wp\/v2\/comments?post=2"}],"version-history":[{"count":3,"href":"https:\/\/corineversini.fr\/index.php\/wp-json\/wp\/v2\/pages\/2\/revisions"}],"predecessor-version":[{"id":46,"href":"https:\/\/corineversini.fr\/index.php\/wp-json\/wp\/v2\/pages\/2\/revisions\/46"}],"wp:attachment":[{"href":"https:\/\/corineversini.fr\/index.php\/wp-json\/wp\/v2\/media?parent=2"}],"curies":[{"name":"wp","href":"https:\/\/api.w.org\/{rel}","templated":true}]}}